{"id":78,"date":"2021-03-31T10:41:40","date_gmt":"2021-03-31T07:41:40","guid":{"rendered":"http:\/\/atesxd.com\/?page_id=78"},"modified":"2021-04-25T12:37:45","modified_gmt":"2021-04-25T09:37:45","slug":"deneyim-experience","status":"publish","type":"page","link":"http:\/\/atesxd.com\/en\/deneyim-experience","title":{"rendered":"Deneyim \/ Experience"},"content":{"rendered":"<figure class=\"wp-block-image alignfull size-large\"><img loading=\"lazy\" decoding=\"async\" width=\"1024\" height=\"1024\" src=\"http:\/\/atesxd.com\/wp-content\/uploads\/2021\/04\/20170422_160143_HDR-Crop-1024x1024.jpg\" alt=\"\" class=\"wp-image-99\" srcset=\"http:\/\/atesxd.com\/wp-content\/uploads\/2021\/04\/20170422_160143_HDR-Crop-1024x1024.jpg 1024w, http:\/\/atesxd.com\/wp-content\/uploads\/2021\/04\/20170422_160143_HDR-Crop-300x300.jpg 300w, http:\/\/atesxd.com\/wp-content\/uploads\/2021\/04\/20170422_160143_HDR-Crop-150x150.jpg 150w, http:\/\/atesxd.com\/wp-content\/uploads\/2021\/04\/20170422_160143_HDR-Crop-768x768.jpg 768w, http:\/\/atesxd.com\/wp-content\/uploads\/2021\/04\/20170422_160143_HDR-Crop-1536x1536.jpg 1536w, http:\/\/atesxd.com\/wp-content\/uploads\/2021\/04\/20170422_160143_HDR-Crop-2048x2048.jpg 2048w, http:\/\/atesxd.com\/wp-content\/uploads\/2021\/04\/20170422_160143_HDR-Crop-1200x1199.jpg 1200w, http:\/\/atesxd.com\/wp-content\/uploads\/2021\/04\/20170422_160143_HDR-Crop-1980x1979.jpg 1980w\" sizes=\"auto, (max-width: 1024px) 100vw, 1024px\" \/><figcaption>Ate\u015f Evren Ayd\u0131nel<\/figcaption><\/figure>\n\n\n\n<p class=\" translation-block\">Bir \u015feyleri belirli bir ama\u00e7la yararlanmaya ba\u015flad\u0131k. Yani art\u0131k bize <strong><a href=\"http:\/\/atesxd.com\/kullanici-user\" data-type=\"URL\" data-id=\"http:\/\/atesxd.com\/kullanici-user\" target=\"_self\">kullan\u0131c\u0131<\/a><\/strong> deniyor. Peki bunu yaparken ruhumuz \u0131\u015f\u0131kla m\u0131 doldu yoksa garip bir \u00fcrperti mi geldi? Ne hissediyoruz? Ne deneyimliyoruz?<\/p>\n\n\n\n<p class=\" translation-block\">Mutlu muyuz, mutsuz muyuz? Yapt\u0131\u011f\u0131m\u0131z \u015feyi yapmaya devam eder miyiz? Bir daha yapar m\u0131y\u0131z? Bunun i\u00e7in para verir miyiz? Ba\u015fkalar\u0131na <em>\u201cSen de yapmal\u0131s\u0131n, efsane bir \u015fey bu\u201d<\/em> der miyiz? \u0130\u015fte bunlar\u0131 da ya\u015fad\u0131\u011f\u0131m\u0131z deneyimin kalitesi s\u00f6yler bize.<\/p>\n\n\n\n<p class=\" translation-block\">Elbette ki \u015fu an s\u0131n\u0131rland\u0131r\u0131lm\u0131\u015f \u015fekilde anlat\u0131yorum. Yoksa bahsetti\u011fim deneyim; kulland\u0131\u011f\u0131m <a href=\"http:\/\/atesxd.com\/cihaz\" data-type=\"page\" data-id=\"309\" target=\"_self\">cihaz\u0131n<\/a> g\u00f6r\u00fcnt\u00fclenebilir alan\u0131nda, parma\u011f\u0131n ula\u015fabilece\u011fi noktas\u0131ndaki yuvarlak kenarl\u0131 d\u00fc\u011fmenin k\u0131rm\u0131z\u0131 renginin ve \u00fczerinde yazan mesaj\u0131n daha \u00f6nce ya\u015fad\u0131\u011f\u0131m hangi an\u0131m\u0131 canland\u0131rd\u0131\u011f\u0131na kadar giden uzun bir <strong>yolculuk<\/strong>.<\/p>\n\n\n\n<p>Evet g\u00fczel bir tan\u0131m oldu;<\/p>\n\n\n\n<blockquote class=\"wp-block-quote is-layout-flow wp-block-quote-is-layout-flow\"><p>Yolculuk<\/p><\/blockquote>\n\n\n\n<p>Bizim g\u00f6revimiz de bu yolculu\u011fun sorunsuz ve keyifli ge\u00e7mesini sa\u011flamak. Kullan\u0131c\u0131\u2019n\u0131n elinden tutmak. Oradan de\u011fil buradan gidersen aya\u011f\u0131na ta\u015f de\u011fmez, koluna diken batmaz demek. Ve tabi ki onun da bize g\u00fcvenmesini ve bizi dinlemesini sa\u011flamak.<\/p>\n\n\n\n<p class=\" translation-block\">Yani beyler bayanlar, bizim g\u00f6revimiz bu <strong>deneyimi tasarlamak.<\/strong> Tahmin etti\u011finiz gibi <em>Experience Design<\/em> s\u00f6zc\u00fc\u011f\u00fc de buradan geliyor.<\/p>\n\n\n\n<p class=\" translation-block\">Ger\u00e7ek\u00e7i olal\u0131m, <a href=\"http:\/\/atesxd.com\/kullanici-user\" data-type=\"URL\" target=\"_self\">kullan\u0131c\u0131lar\u0131m\u0131z<\/a>, m\u00fc\u015fterilerimiz hi\u00e7bir \u015fey yapmak zorunda de\u011filler. Onlar gelirler, bakarlar, be\u011fenmezlerse yandaki d\u00fckkana giderler. Tek ve benzersiz oldu\u011funuzu d\u00fc\u015f\u00fcn\u00fcyorsan\u0131z bir kez daha d\u00fc\u015f\u00fcnmenizi \u00f6neririm. Ben \u00f6yle d\u00fc\u015f\u00fcn\u00fcyordum. Uzun s\u00fcre \u00f6nce. Sonra nereden bir d\u00fcrt\u00fc geldiyse Linkedin \u00fczerinde e\u011fitim ve tecr\u00fcbe temelinde bana benzeyen ki\u015fileri aramaya ba\u015flad\u0131m. Bitiremedim dostlar. Bana \u00e7ok benzeyen san\u0131r\u0131m birka\u00e7 bin ki\u015fi vard\u0131. Bir\u00e7o\u011fu da benden daha tecr\u00fcbeli, daha iyi e\u011fitimli ki\u015filerdi.<\/p>\n\n\n\n<pre class=\"wp-block-preformatted\">Benim \u00f6n\u00fcme ben ve onlar \u00e7\u0131ksayd\u0131, onlar\u0131 se\u00e7erdim.<\/pre>\n\n\n\n<p class=\" translation-block\">Yani sizin hedefleyece\u011finiz \u015fey; tek, benzersiz, e\u015fsiz, ula\u015f\u0131lmaz, eri\u015filmez, rekabet edilmez olmak de\u011fil. Silin bunu akl\u0131n\u0131zdan. Bu mant\u0131kl\u0131 bir i\u015f stratejisi de\u011fil. Sizin hedefiniz, <strong>hat\u0131rlanacak kadar iyi bir kullan\u0131c\u0131 deneyimi sunmak<\/strong>.<\/p>\n\n\n\n<p>\u0130\u015fte hay\u0131r denilemeyecek sihirli \u015fey bu. Bir ki\u015fi, sizin sundu\u011funuz her ne ise, sadece ka\u015f\u0131 g\u00f6z\u00fc g\u00fczel diye onu almak istemez. Onu ald\u0131\u011f\u0131 yolculu\u011fun da g\u00fczel olmas\u0131n\u0131 ister. Girdi\u011fi ma\u011fazan\u0131n \u0131\u015f\u0131\u011f\u0131na bakar. Yerlerin temizli\u011fine bakar. Kokusuna bakar. S\u0131cakl\u0131\u011f\u0131na\/so\u011fuklu\u011funa bakar. Duvardaki resimlere ve yaz\u0131lara bakar. Raflar aras\u0131nda rahat y\u00fcr\u00fcy\u00fcp y\u00fcr\u00fcyemedi\u011fine bakar. Kendisiyle ilgilenen ki\u015filerin g\u00fcl\u00fcmsemesine bakar. Kurduklar\u0131 c\u00fcmlelere bakar. Kendi hayat tarz\u0131yla uyumlu \u015feyler bulup bulamayaca\u011f\u0131na bakar. E\u011fer fikre ihtiyac\u0131 varsa fikir bulabilece\u011fi bir ortamda olup olmad\u0131\u011f\u0131na bakar. Bazen bakt\u0131\u011f\u0131n\u0131n kendisi bile fark\u0131nda de\u011fildir ama bakar.<\/p>\n\n\n\n<p>E\u011fitimlerimde s\u00f6yledi\u011fim, bana g\u00f6re \u00e7ok \u00f6nemli bir ger\u00e7ek vard\u0131r.<\/p>\n\n\n\n<pre class=\"wp-block-preformatted\">Satt\u0131\u011f\u0131n\u0131z \u015fey \u00fcr\u00fcn de\u011fil alg\u0131d\u0131r.<\/pre>\n\n\n\n<p>D\u00fczg\u00fcn ifade etmeliyim. Mont satmazs\u0131n\u0131z, s\u0131cakl\u0131k satars\u0131n\u0131z. Bikini satmazs\u0131n\u0131z, tatil hayalleri satars\u0131n\u0131z. D\u00f6ner satmazs\u0131n\u0131z, lezzet ve tokluk satars\u0131n\u0131z. \u0130nsanlar \u00fcr\u00fcne de\u011fil, \u00fcr\u00fcn\u00fcn getireceklerine odaklan\u0131rlar. \u0130\u015fte bu y\u00fczden \u00fcr\u00fcn\u00fcn getireceklerini, deneyimin par\u00e7as\u0131 haline getirirsiniz. Bir bikiniyi arka duvarda deniz ve e\u011flence g\u00f6r\u00fcnt\u00fcleri varken satman\u0131n daha kolay oldu\u011funu \u00e7ok da anlatmama gerek yoktur muhtemelen.<\/p>\n\n\n\n<p class=\" translation-block\">\u00d6zetle; kullan\u0131c\u0131n\u0131z her kimse, sizin denetiminiz alt\u0131nda ak\u0131c\u0131 bir yolculuk yapmas\u0131n\u0131 sa\u011flay\u0131p beklentilerine en uygun ortam\u0131 yarat\u0131rsan\u0131z <strong>o istedi\u011finiz d\u00fc\u011fmeye<\/strong> basmas\u0131n\u0131 sa\u011flayabilirsiniz.<\/p>\n\n\n\n<p class=\" translation-block\">Hatta e\u011fer ki sundu\u011funuz \u015feyler buna uygunsa o d\u00fc\u011fmeye tekrar tekrar basmas\u0131n\u0131 da sa\u011flayabilirsiniz. <strong>Do\u011fru deneyim tasar\u0131m\u0131<\/strong>n\u0131n \u00f6d\u00fcl\u00fc i\u015fte budur.<\/p>\n\n\n\n<div class=\"wp-block-media-text alignwide is-stacked-on-mobile\" style=\"grid-template-columns:15% auto\"><figure class=\"wp-block-media-text__media\"><img loading=\"lazy\" decoding=\"async\" width=\"850\" height=\"850\" src=\"http:\/\/atesxd.com\/wp-content\/uploads\/2021\/03\/Ates-Profile-Circle-1.png\" alt=\"\" class=\"wp-image-21 size-full\" srcset=\"http:\/\/atesxd.com\/wp-content\/uploads\/2021\/03\/Ates-Profile-Circle-1.png 850w, http:\/\/atesxd.com\/wp-content\/uploads\/2021\/03\/Ates-Profile-Circle-1-300x300.png 300w, http:\/\/atesxd.com\/wp-content\/uploads\/2021\/03\/Ates-Profile-Circle-1-150x150.png 150w, http:\/\/atesxd.com\/wp-content\/uploads\/2021\/03\/Ates-Profile-Circle-1-768x768.png 768w\" sizes=\"auto, (max-width: 850px) 100vw, 850px\" \/><\/figure><div class=\"wp-block-media-text__content\">\n<p class=\"has-normal-font-size\"><strong>Ates Evren Aydinel<\/strong><\/p>\n\n\n\n<p>Engineer. 22 years white collar. Financial digital projects manager. Guest lecturer at various universities and institutions. Consultant. Book writer and publisher. Founder of Ates Experience Design.<\/p>\n<\/div><\/div>","protected":false},"excerpt":{"rendered":"<p>Bir \u015feyleri belirli bir ama\u00e7la yararlanmaya ba\u015flad\u0131k. Yani art\u0131k bize kullan\u0131c\u0131 deniyor. Peki bunu yaparken ruhumuz \u0131\u015f\u0131kla m\u0131 doldu yoksa garip bir \u00fcrperti mi geldi? Ne hissediyoruz? Ne deneyimliyoruz? Mutlu muyuz, mutsuz muyuz? Yapt\u0131\u011f\u0131m\u0131z \u015feyi yapmaya devam eder miyiz? Bir daha yapar m\u0131y\u0131z? Bunun i\u00e7in para verir miyiz? Ba\u015fkalar\u0131na \u201cSen de yapmal\u0131s\u0131n, efsane bir \u015fey [&hellip;]<\/p>","protected":false},"author":1,"featured_media":99,"parent":0,"menu_order":0,"comment_status":"closed","ping_status":"closed","template":"","meta":{"footnotes":""},"class_list":["post-78","page","type-page","status-publish","has-post-thumbnail","hentry"],"aioseo_notices":[],"_links":{"self":[{"href":"http:\/\/atesxd.com\/en\/wp-json\/wp\/v2\/pages\/78","targetHints":{"allow":["GET"]}}],"collection":[{"href":"http:\/\/atesxd.com\/en\/wp-json\/wp\/v2\/pages"}],"about":[{"href":"http:\/\/atesxd.com\/en\/wp-json\/wp\/v2\/types\/page"}],"author":[{"embeddable":true,"href":"http:\/\/atesxd.com\/en\/wp-json\/wp\/v2\/users\/1"}],"replies":[{"embeddable":true,"href":"http:\/\/atesxd.com\/en\/wp-json\/wp\/v2\/comments?post=78"}],"version-history":[{"count":16,"href":"http:\/\/atesxd.com\/en\/wp-json\/wp\/v2\/pages\/78\/revisions"}],"predecessor-version":[{"id":361,"href":"http:\/\/atesxd.com\/en\/wp-json\/wp\/v2\/pages\/78\/revisions\/361"}],"wp:featuredmedia":[{"embeddable":true,"href":"http:\/\/atesxd.com\/en\/wp-json\/wp\/v2\/media\/99"}],"wp:attachment":[{"href":"http:\/\/atesxd.com\/en\/wp-json\/wp\/v2\/media?parent=78"}],"curies":[{"name":"wp","href":"https:\/\/api.w.org\/{rel}","templated":true}]}}