{"id":758,"date":"2022-01-11T12:00:24","date_gmt":"2022-01-11T09:00:24","guid":{"rendered":"http:\/\/atesxd.com\/?page_id=758"},"modified":"2022-01-11T13:47:15","modified_gmt":"2022-01-11T10:47:15","slug":"services","status":"publish","type":"page","link":"http:\/\/atesxd.com\/en\/services","title":{"rendered":"Services"},"content":{"rendered":"<p class=\"has-accent-color has-text-color has-larger-font-size\" id=\"UX-Consultancy\"><strong><span style=\"color:#fdab15\" class=\"has-inline-color\">UX Consultancy<\/span><\/strong><\/p>\n\n\n\n<p><strong>Since you are reading this page, you must have felt a problem with your digital product. Or you have some goals and you want to reach them without delay.<\/strong><\/p>\n\n\n\n<p>If the following workflow seems productive to you, we are confident that we can do a lot together.<\/p>\n\n\n\n<div class=\"wp-block-image\"><figure class=\"aligncenter size-large\"><img decoding=\"async\" src=\"http:\/\/atesxd.com\/wp-content\/uploads\/2021\/08\/UX-Focused-Growth-Consultacy-Workflow.png\" alt=\"\"\/><\/figure><\/div>\n\n\n\n<p>Just\u00a0<a href=\"http:\/\/atesxd.com\/en\/contact\/\" data-type=\"page\" data-id=\"736\">send a message<\/a>. Let&#8217;s decide together what you need.<\/p>\n\n\n\n<figure class=\"wp-block-image alignwide size-large\"><img loading=\"lazy\" decoding=\"async\" width=\"1024\" height=\"466\" src=\"http:\/\/atesxd.com\/wp-content\/uploads\/2021\/08\/atesxd-trello-proje-ekran-goruntusu-1024x466.png\" alt=\"\" class=\"wp-image-420\" srcset=\"http:\/\/atesxd.com\/wp-content\/uploads\/2021\/08\/atesxd-trello-proje-ekran-goruntusu-1024x466.png 1024w, http:\/\/atesxd.com\/wp-content\/uploads\/2021\/08\/atesxd-trello-proje-ekran-goruntusu-300x137.png 300w, http:\/\/atesxd.com\/wp-content\/uploads\/2021\/08\/atesxd-trello-proje-ekran-goruntusu-768x350.png 768w, http:\/\/atesxd.com\/wp-content\/uploads\/2021\/08\/atesxd-trello-proje-ekran-goruntusu-1536x699.png 1536w, http:\/\/atesxd.com\/wp-content\/uploads\/2021\/08\/atesxd-trello-proje-ekran-goruntusu-1200x546.png 1200w, http:\/\/atesxd.com\/wp-content\/uploads\/2021\/08\/atesxd-trello-proje-ekran-goruntusu.png 1876w\" sizes=\"auto, (max-width: 1024px) 100vw, 1024px\" \/><figcaption>Project management screenshot of our real&nbsp;<strong>UX-Focused Growth<\/strong>&nbsp;project.<\/figcaption><\/figure>\n\n\n\n<hr class=\"wp-block-separator has-text-color has-background has-accent-background-color has-accent-color is-style-dots\"\/>\n\n\n\n<p class=\"has-larger-font-size\"><strong><span style=\"color:#fdab15\" class=\"has-inline-color\"><strong>Training<\/strong><\/span><\/strong><\/p>\n\n\n\n<figure class=\"wp-block-image size-large\" id=\"ux\"><img loading=\"lazy\" decoding=\"async\" width=\"1024\" height=\"768\" src=\"http:\/\/atesxd.com\/wp-content\/uploads\/2021\/09\/chris-montgomery-smgTvepind4-unsplash-1024x768.jpg\" alt=\"\" class=\"wp-image-500\" srcset=\"http:\/\/atesxd.com\/wp-content\/uploads\/2021\/09\/chris-montgomery-smgTvepind4-unsplash-1024x768.jpg 1024w, http:\/\/atesxd.com\/wp-content\/uploads\/2021\/09\/chris-montgomery-smgTvepind4-unsplash-300x225.jpg 300w, http:\/\/atesxd.com\/wp-content\/uploads\/2021\/09\/chris-montgomery-smgTvepind4-unsplash-768x576.jpg 768w, http:\/\/atesxd.com\/wp-content\/uploads\/2021\/09\/chris-montgomery-smgTvepind4-unsplash-1536x1152.jpg 1536w, http:\/\/atesxd.com\/wp-content\/uploads\/2021\/09\/chris-montgomery-smgTvepind4-unsplash-2048x1536.jpg 2048w, http:\/\/atesxd.com\/wp-content\/uploads\/2021\/09\/chris-montgomery-smgTvepind4-unsplash-16x12.jpg 16w, http:\/\/atesxd.com\/wp-content\/uploads\/2021\/09\/chris-montgomery-smgTvepind4-unsplash-1200x900.jpg 1200w, http:\/\/atesxd.com\/wp-content\/uploads\/2021\/09\/chris-montgomery-smgTvepind4-unsplash-1980x1485.jpg 1980w\" sizes=\"auto, (max-width: 1024px) 100vw, 1024px\" \/><figcaption>Photo by <a href=\"https:\/\/unsplash.com\/@cwmonty?utm_source=unsplash&amp;utm_medium=referral&amp;utm_content=creditCopyText\">Chris Montgomery<\/a> on <a href=\"https:\/\/unsplash.com\/s\/photos\/online-training?utm_source=unsplash&amp;utm_medium=referral&amp;utm_content=creditCopyText\">Unsplash<\/a><\/figcaption><\/figure>\n\n\n\n<p><strong>User Experience Design (UX-D)<\/strong><a href=\"http:\/\/atesxd.com\/en\/www.atesxd.com\/iletisim\/?contact-reason=Kullan%C4%B1c%C4%B1%20Deneyimi%20Tasar%C4%B1m%C4%B1%20e%C4%9Fitimi%20hakk%C4%B1nda%20bilgi%20almak%20istiyorum.&amp;trp-edit-translation=preview\"><\/a><\/p>\n\n\n\n<figure class=\"wp-block-image size-large\"><a href=\"\/en\/www.atesxd.com\/iletisim\/?contact-reason=Kullan\u0131c\u0131 Deneyimi Tasar\u0131m\u0131 e\u011fitimi hakk\u0131nda bilgi almak istiyorum.\"><img decoding=\"async\" src=\"http:\/\/atesxd.com\/wp-content\/uploads\/2021\/09\/image-4.png\" alt=\"\"\/><\/a><figcaption><a href=\"http:\/\/atesxd.com\/en\/iletisim\/?contact-reason=Kullan\u0131c\u0131 Deneyimi Tasar\u0131m\u0131 e\u011fitimi hakk\u0131nda bilgi almak istiyorum.\"><\/a><strong><a href=\"http:\/\/atesxd.com\/en\/contact\/\" data-type=\"page\" data-id=\"736\"><strong>INFO \/ REGISTER<\/strong><\/a><\/strong><\/figcaption><\/figure>\n\n\n\n<p>If you want to have more and happier customers, you should step into the world of user experience right away. In this training, you will see ways to manage the feelings of your users \/ customers. You will learn content, design and flow tips to ensure the smooth use of your digital products.<\/p>\n\n\n\n<p><strong><span style=\"color:#6d6d6d\" class=\"tadv-color\">Who is this training suitable for?<\/span><\/strong><\/p>\n\n\n\n<ul class=\"wp-block-list\"><li><span style=\"color:#6d6d6d\" class=\"tadv-color\">Website \/ Mobile application designers<\/span><\/li><li><span style=\"color:#6d6d6d\" class=\"tadv-color\">UX Designers \/ Those who want to be UX Designers<\/span><\/li><li><span style=\"color:#6d6d6d\" class=\"tadv-color\">Software developers<\/span><\/li><li><span style=\"color:#6d6d6d\" class=\"tadv-color\">Those who will start \/ established their own business.<\/span><\/li><li><span style=\"color:#6d6d6d\" class=\"tadv-color\">Product managers \/ owners<\/span><\/li><\/ul>","protected":false},"excerpt":{"rendered":"<p>UX Consultancy Since you are reading this page, you must have felt a problem with your digital product. Or you have some goals and you want to reach them without delay. If the following workflow seems productive to you, we are confident that we can do a lot together. Just\u00a0send a message. Let&#8217;s decide together [&hellip;]<\/p>","protected":false},"author":1,"featured_media":0,"parent":0,"menu_order":0,"comment_status":"closed","ping_status":"closed","template":"","meta":{"footnotes":""},"class_list":["post-758","page","type-page","status-publish","hentry"],"aioseo_notices":[],"_links":{"self":[{"href":"http:\/\/atesxd.com\/en\/wp-json\/wp\/v2\/pages\/758","targetHints":{"allow":["GET"]}}],"collection":[{"href":"http:\/\/atesxd.com\/en\/wp-json\/wp\/v2\/pages"}],"about":[{"href":"http:\/\/atesxd.com\/en\/wp-json\/wp\/v2\/types\/page"}],"author":[{"embeddable":true,"href":"http:\/\/atesxd.com\/en\/wp-json\/wp\/v2\/users\/1"}],"replies":[{"embeddable":true,"href":"http:\/\/atesxd.com\/en\/wp-json\/wp\/v2\/comments?post=758"}],"version-history":[{"count":3,"href":"http:\/\/atesxd.com\/en\/wp-json\/wp\/v2\/pages\/758\/revisions"}],"predecessor-version":[{"id":794,"href":"http:\/\/atesxd.com\/en\/wp-json\/wp\/v2\/pages\/758\/revisions\/794"}],"wp:attachment":[{"href":"http:\/\/atesxd.com\/en\/wp-json\/wp\/v2\/media?parent=758"}],"curies":[{"name":"wp","href":"https:\/\/api.w.org\/{rel}","templated":true}]}}