{"id":71,"date":"2021-03-30T21:00:43","date_gmt":"2021-03-30T18:00:43","guid":{"rendered":"http:\/\/atesxd.com\/?page_id=71"},"modified":"2021-08-21T19:56:42","modified_gmt":"2021-08-21T16:56:42","slug":"kullanici-user","status":"publish","type":"page","link":"http:\/\/atesxd.com\/en\/kullanici-user","title":{"rendered":"Kullan\u0131c\u0131 \/ User"},"content":{"rendered":"<figure class=\"wp-block-image alignfull size-large\"><img loading=\"lazy\" decoding=\"async\" width=\"683\" height=\"1024\" src=\"http:\/\/atesxd.com\/wp-content\/uploads\/2021\/04\/Biljana-Jurukovski-Tribal-Muse-Tribal-Theory-683x1024.jpg\" alt=\"\" class=\"wp-image-98\" srcset=\"http:\/\/atesxd.com\/wp-content\/uploads\/2021\/04\/Biljana-Jurukovski-Tribal-Muse-Tribal-Theory-683x1024.jpg 683w, http:\/\/atesxd.com\/wp-content\/uploads\/2021\/04\/Biljana-Jurukovski-Tribal-Muse-Tribal-Theory-200x300.jpg 200w, http:\/\/atesxd.com\/wp-content\/uploads\/2021\/04\/Biljana-Jurukovski-Tribal-Muse-Tribal-Theory-768x1151.jpg 768w, http:\/\/atesxd.com\/wp-content\/uploads\/2021\/04\/Biljana-Jurukovski-Tribal-Muse-Tribal-Theory-1025x1536.jpg 1025w, http:\/\/atesxd.com\/wp-content\/uploads\/2021\/04\/Biljana-Jurukovski-Tribal-Muse-Tribal-Theory.jpg 1200w\" sizes=\"auto, (max-width: 683px) 100vw, 683px\" \/><figcaption>Tribal Theory &#8211; Biljana Jurukovski<\/figcaption><\/figure>\n\n\n\n<p class=\" translation-block\"><strong><a href=\"http:\/\/atesxd.com\/deneyim-experience\" data-type=\"page\" data-id=\"78\" target=\"_self\">Kullan\u0131c\u0131 Deneyimi<\/a><\/strong> (User Experience) konusu olduk\u00e7a keyifli detaylar i\u00e7eriyor. Her \u015feyden \u00f6nce hepimiz birer kullan\u0131c\u0131y\u0131z. Yani <strong>kullan\u0131c\u0131 kabilesi<\/strong>nin \u00fcyeleriyiz. Belki kabilenin \u015fefi de\u011filiz, b\u00fcy\u00fcc\u00fcs\u00fc de de\u011filiz ama \u00fcyesiyiz o kesin.<br><br>Peki bu insanlar neyi kullan\u0131yor? Kullanmak ne demek? Neden biz onlara kullan\u0131c\u0131 diyoruz? Biri bana s\u00f6yleyebilir mi?<\/p>\n\n\n\n<blockquote class=\"wp-block-quote is-layout-flow wp-block-quote-is-layout-flow\"><p class=\" translation-block\"><strong>Kullanmak <\/strong>: Bir \u015feyden belli bir ama\u00e7la yararlanmak.<\/p><cite>TDK<\/cite><\/blockquote>\n\n\n\n<p>Bizi ilgilendiren anlam\u0131 bu. &#8220;Kullan\u0131c\u0131&#8221; kelimesinin s\u00f6zl\u00fck anlam\u0131 daha karma\u015f\u0131k g\u00fcvenin bana.<\/p>\n\n\n\n<p>Yani siz, ben, amcam\u0131z\u0131n k\u0131z\u0131, Amerika Birle\u015fik Devletleri Ba\u015fkan\u0131, herkes ama herkes kullan\u0131c\u0131 kabilesinin bir \u00fcyesi. \u00c7\u00fcnk\u00fc bir \u015feyden belli bir ama\u00e7la yararlan\u0131yoruz. Hemen her g\u00fcn, her saat, her dakika.<br><br>\u0130nsanlar olarak o kadar \u00e7ok ortak paydam\u0131z var ki \u015fa\u015f\u0131r\u0131rs\u0131n\u0131z. Ama i\u015f, neyi ve nas\u0131l kulland\u0131\u011f\u0131m\u0131za gelince ortal\u0131k biraz kar\u0131\u015f\u0131yor. \u00c7\u00fcnk\u00fc hepimiz farkl\u0131 \u015feyler kullan\u0131yoruz. Ayn\u0131 \u015feyi bile kullansak farkl\u0131 \u015fekillerde kullan\u0131yoruz.<br><br>\u0130\u015fte bu yaz\u0131y\u0131 okuyan dostlar\u0131m, siz, ben ve kullan\u0131c\u0131y\u0131 \u00e7\u00f6zmeye \u00e7al\u0131\u015fan herkesin olas\u0131 senaryolar\u0131n fark\u0131nda olmas\u0131 gerekiyor. Hadi buna da,<\/p>\n\n\n\n<blockquote class=\"wp-block-quote is-layout-flow wp-block-quote-is-layout-flow\"><p>Fark\u0131n fark\u0131nda olmak<\/p><\/blockquote>\n\n\n\n<p>diyelim.<br><br>E\u011fer herhangi bir \u00fcr\u00fcn ya da hizmet geli\u015ftiriyorsan\u0131z, geli\u015ftirdiyseniz, kullan\u0131c\u0131lar\u0131n\u0131 \u00e7\u00f6zmek ve kullan\u0131c\u0131lar aras\u0131ndaki farklar\u0131n da bilincinde olmak zorundas\u0131n\u0131z.<br><br>Bu fark\u0131ndal\u0131\u011fa eri\u015fti\u011finizde kendi kimli\u011finizden s\u0131yr\u0131l\u0131p farkl\u0131 bir ki\u015fi olarak senaryolar yazd\u0131\u011f\u0131n\u0131z\u0131 g\u00f6receksiniz. Yani bir ba\u015fka insan gibi d\u00fc\u015f\u00fcnebilir hale geleceksiniz. Beyninin k\u0131vr\u0131mlar\u0131nda dola\u015fabileceksiniz. Hangi renkten ho\u015flan\u0131r, hangi mesajlar ho\u015funa gider, hangi <a href=\"http:\/\/atesxd.com\/en\/cihaz\/\" data-type=\"page\" data-id=\"309\">cihaz\u0131<\/a> hangi saatte kullan\u0131r tahmin edebileceksiniz.<br><br>Hangi kitab\u0131 tuvalette okur, hangisini u\u00e7akta okur ya da kitap okur mu okumaz m\u0131? Detaylar\u0131na kadar girebilirsiniz. Bu, psikolojik analizde ne kadar ileri gidebildi\u011finize g\u00f6re de\u011fi\u015fir. \u0130\u015fte bu yetene\u011fe de;<\/p>\n\n\n\n<blockquote class=\"wp-block-quote is-layout-flow wp-block-quote-is-layout-flow\"><p>Empati<\/p><\/blockquote>\n\n\n\n<p class=\" translation-block\">diyoruz. TDK <em>Duyguda\u015fl\u0131k <\/em>demi\u015f. S\u00f6zl\u00fck diliyle hakl\u0131.<br><br>Asl\u0131nda <strong>empati <\/strong>kelimesini devasa bir fontta, <span style=\"color:#a30900\" class=\"has-inline-color\">k\u0131rm\u0131z\u0131<\/span>, <strong>kal\u0131n<\/strong>, <em>italik<\/em>, <span style=\"text-decoration: underline;\">alt\u0131 \u00e7izili<\/span> hatta etraf\u0131nda yan\u0131p s\u00f6nen \u0131\u015f\u0131klar ile birlikte yazmak istedim ama kendimi tuttum. Empati yapamayan birinin <em>kullan\u0131c\u0131 deneyimi <\/em>konusunda uzmanla\u015fmas\u0131 pek m\u00fcmk\u00fcn de\u011fil. Kendinizi bir ba\u015fka ki\u015finin yerine koymak ve o olsa burada ne yapard\u0131 sorusuna yan\u0131t aramak ger\u00e7ekten hi\u00e7 kolay de\u011fil ama gerekli.<\/p>\n\n\n\n<p>Ama yapaca\u011f\u0131z. Ben size yollar\u0131n\u0131 g\u00f6sterece\u011fim.<br><br>&#8220;Ben pazarda biberiye sat\u0131yorum&#8221; ya da &#8220;Ben Mars&#8217;taki uzay arac\u0131n\u0131n enerjisinin verimli kullan\u0131lmas\u0131n\u0131 sa\u011flayan yaz\u0131l\u0131m\u0131n programc\u0131s\u0131y\u0131m&#8221; demeniz hi\u00e7 fark etmiyor. \u00dcretti\u011finiz\/satt\u0131\u011f\u0131n\u0131z\/sundu\u011funuz her ne ise kar\u015f\u0131n\u0131zda insanlar var ve bu insanlar\u0131n da bilin\u00e7li veya bilin\u00e7 alt\u0131 beklentileri var. Kendi psikolojileri ve k\u00fclt\u00fcrleri var. Ya\u015fad\u0131klar\u0131 ortam\u0131n \u015fartlar\u0131 var. <a href=\"http:\/\/atesxd.com\/en\/pandemi\/\" data-type=\"page\" data-id=\"241\">Pandemi<\/a> var. Var da var. Bizim g\u00f6revimiz bunlar\u0131 tespit etmek. \u00c7\u00f6z\u00fcm bulmak ve \u00e7\u00f6z\u00fcm buldu\u011fumuzu g\u00f6stermek.<\/p>\n\n\n\n<p>\u0130\u015fte o zaman o d\u00fc\u011fmeye basmas\u0131n\u0131 sa\u011flayabiliriz.<\/p>\n\n\n\n<p><br>Sizin istedi\u011finiz d\u00fc\u011fmeye&#8230;<br><\/p>\n\n\n\n<div class=\"wp-block-media-text alignwide is-stacked-on-mobile\" style=\"grid-template-columns:15% auto\"><figure class=\"wp-block-media-text__media\"><img loading=\"lazy\" decoding=\"async\" width=\"850\" height=\"850\" src=\"http:\/\/atesxd.com\/wp-content\/uploads\/2021\/03\/Ates-Profile-Circle-1.png\" alt=\"\" class=\"wp-image-21 size-full\" srcset=\"http:\/\/atesxd.com\/wp-content\/uploads\/2021\/03\/Ates-Profile-Circle-1.png 850w, http:\/\/atesxd.com\/wp-content\/uploads\/2021\/03\/Ates-Profile-Circle-1-300x300.png 300w, http:\/\/atesxd.com\/wp-content\/uploads\/2021\/03\/Ates-Profile-Circle-1-150x150.png 150w, http:\/\/atesxd.com\/wp-content\/uploads\/2021\/03\/Ates-Profile-Circle-1-768x768.png 768w\" sizes=\"auto, (max-width: 850px) 100vw, 850px\" \/><\/figure><div class=\"wp-block-media-text__content\">\n<p class=\"has-normal-font-size\"><strong>Ates Evren Aydinel<\/strong><\/p>\n\n\n\n<p>Engineer. 22 years white collar. Financial digital projects manager. Guest lecturer at various universities and institutions. Consultant. Book writer and publisher. Founder of Ates Experience Design.<\/p>\n<\/div><\/div>\n\n\n\n<p><\/p>","protected":false},"excerpt":{"rendered":"<p>Kullan\u0131c\u0131 Deneyimi (User Experience) konusu olduk\u00e7a keyifli detaylar i\u00e7eriyor. Her \u015feyden \u00f6nce hepimiz birer kullan\u0131c\u0131y\u0131z. Yani kullan\u0131c\u0131 kabilesinin \u00fcyeleriyiz. Belki kabilenin \u015fefi de\u011filiz, b\u00fcy\u00fcc\u00fcs\u00fc de de\u011filiz ama \u00fcyesiyiz o kesin. Peki bu insanlar neyi kullan\u0131yor? Kullanmak ne demek? Neden biz onlara kullan\u0131c\u0131 diyoruz? Biri bana s\u00f6yleyebilir mi? Kullanmak : Bir \u015feyden belli bir ama\u00e7la yararlanmak. [&hellip;]<\/p>","protected":false},"author":1,"featured_media":98,"parent":0,"menu_order":0,"comment_status":"closed","ping_status":"closed","template":"","meta":{"footnotes":""},"class_list":["post-71","page","type-page","status-publish","has-post-thumbnail","hentry"],"aioseo_notices":[],"_links":{"self":[{"href":"http:\/\/atesxd.com\/en\/wp-json\/wp\/v2\/pages\/71","targetHints":{"allow":["GET"]}}],"collection":[{"href":"http:\/\/atesxd.com\/en\/wp-json\/wp\/v2\/pages"}],"about":[{"href":"http:\/\/atesxd.com\/en\/wp-json\/wp\/v2\/types\/page"}],"author":[{"embeddable":true,"href":"http:\/\/atesxd.com\/en\/wp-json\/wp\/v2\/users\/1"}],"replies":[{"embeddable":true,"href":"http:\/\/atesxd.com\/en\/wp-json\/wp\/v2\/comments?post=71"}],"version-history":[{"count":11,"href":"http:\/\/atesxd.com\/en\/wp-json\/wp\/v2\/pages\/71\/revisions"}],"predecessor-version":[{"id":472,"href":"http:\/\/atesxd.com\/en\/wp-json\/wp\/v2\/pages\/71\/revisions\/472"}],"wp:featuredmedia":[{"embeddable":true,"href":"http:\/\/atesxd.com\/en\/wp-json\/wp\/v2\/media\/98"}],"wp:attachment":[{"href":"http:\/\/atesxd.com\/en\/wp-json\/wp\/v2\/media?parent=71"}],"curies":[{"name":"wp","href":"https:\/\/api.w.org\/{rel}","templated":true}]}}