{"id":418,"date":"2021-08-17T17:16:52","date_gmt":"2021-08-17T14:16:52","guid":{"rendered":"http:\/\/atesxd.com\/?page_id=418"},"modified":"2021-09-02T09:33:16","modified_gmt":"2021-09-02T06:33:16","slug":"hizmetler","status":"publish","type":"page","link":"http:\/\/atesxd.com\/en\/hizmetler","title":{"rendered":"Hizmetler"},"content":{"rendered":"<p class=\"has-accent-color has-text-color has-larger-font-size\" id=\"UX-Odakli-Gelistirme-Danismanligi\"><strong><span style=\"color:#fdab15\" class=\"has-inline-color\">UX Odakl\u0131 Geli\u015ftirme Dan\u0131\u015fmanl\u0131\u011f\u0131<\/span><\/strong><\/p>\n\n\n\n<p class=\"has-large-font-size\"><strong>Bu sayfay\u0131 okudu\u011funuza g\u00f6re dijital \u00fcr\u00fcn\u00fcn\u00fczde bir s\u0131k\u0131nt\u0131 hissetmi\u015f olmal\u0131s\u0131n\u0131z. Ya da baz\u0131 hedefleriniz var ve gecikmeden ula\u015fmak istiyorsunuz.<\/strong><\/p>\n\n\n\n<p>A\u015fa\u011f\u0131daki ak\u0131\u015f size verimli g\u00f6r\u00fcn\u00fcyorsa birlikte \u00e7ok \u015fey yapabilece\u011fimizden eminiz.<\/p>\n\n\n\n<div class=\"wp-block-image\"><figure class=\"aligncenter size-large\"><img loading=\"lazy\" decoding=\"async\" width=\"576\" height=\"1024\" src=\"http:\/\/atesxd.com\/wp-content\/uploads\/2021\/08\/UX-Focused-Growth-Consultacy-Workflow-TR-576x1024.png\" alt=\"\" class=\"wp-image-467\" srcset=\"http:\/\/atesxd.com\/wp-content\/uploads\/2021\/08\/UX-Focused-Growth-Consultacy-Workflow-TR-576x1024.png 576w, http:\/\/atesxd.com\/wp-content\/uploads\/2021\/08\/UX-Focused-Growth-Consultacy-Workflow-TR-169x300.png 169w, http:\/\/atesxd.com\/wp-content\/uploads\/2021\/08\/UX-Focused-Growth-Consultacy-Workflow-TR-768x1365.png 768w, http:\/\/atesxd.com\/wp-content\/uploads\/2021\/08\/UX-Focused-Growth-Consultacy-Workflow-TR-7x12.png 7w, http:\/\/atesxd.com\/wp-content\/uploads\/2021\/08\/UX-Focused-Growth-Consultacy-Workflow-TR.png 782w\" sizes=\"auto, (max-width: 576px) 100vw, 576px\" \/><\/figure><\/div>\n\n\n\n<p class=\" translation-block\">Bir <a href=\"#anchorxd\" target=\"_self\">mesaj atman\u0131z<\/a> yeterli. Neye ihtiyac\u0131n\u0131z oldu\u011funa birlikte karar verelim.<\/p>\n\n\n\n<figure class=\"wp-block-image alignwide size-large\"><img loading=\"lazy\" decoding=\"async\" width=\"1024\" height=\"466\" src=\"http:\/\/atesxd.com\/wp-content\/uploads\/2021\/08\/atesxd-trello-proje-ekran-goruntusu-1024x466.png\" alt=\"\" class=\"wp-image-420\" srcset=\"http:\/\/atesxd.com\/wp-content\/uploads\/2021\/08\/atesxd-trello-proje-ekran-goruntusu-1024x466.png 1024w, http:\/\/atesxd.com\/wp-content\/uploads\/2021\/08\/atesxd-trello-proje-ekran-goruntusu-300x137.png 300w, http:\/\/atesxd.com\/wp-content\/uploads\/2021\/08\/atesxd-trello-proje-ekran-goruntusu-768x350.png 768w, http:\/\/atesxd.com\/wp-content\/uploads\/2021\/08\/atesxd-trello-proje-ekran-goruntusu-1536x699.png 1536w, http:\/\/atesxd.com\/wp-content\/uploads\/2021\/08\/atesxd-trello-proje-ekran-goruntusu-1200x546.png 1200w, http:\/\/atesxd.com\/wp-content\/uploads\/2021\/08\/atesxd-trello-proje-ekran-goruntusu.png 1876w\" sizes=\"auto, (max-width: 1024px) 100vw, 1024px\" \/><figcaption class=\" translation-block\">Ger\u00e7ek bir <strong>UX-Odakl\u0131 Geli\u015ftirme<\/strong> projemizin proje y\u00f6netim ekran g\u00f6r\u00fcnt\u00fcs\u00fc.<\/figcaption><\/figure>\n\n\n\n<hr class=\"wp-block-separator has-text-color has-background has-accent-background-color has-accent-color is-style-dots\"\/>\n\n\n\n<p class=\"has-larger-font-size\"><strong><span style=\"color:#fdab15\" class=\"has-inline-color\">E\u011fitim<\/span><\/strong><\/p>\n\n\n\n<figure class=\"wp-block-image size-large\" id=\"ux\"><img loading=\"lazy\" decoding=\"async\" width=\"1024\" height=\"768\" src=\"http:\/\/atesxd.com\/wp-content\/uploads\/2021\/09\/chris-montgomery-smgTvepind4-unsplash-1024x768.jpg\" alt=\"\" class=\"wp-image-500\" srcset=\"http:\/\/atesxd.com\/wp-content\/uploads\/2021\/09\/chris-montgomery-smgTvepind4-unsplash-1024x768.jpg 1024w, http:\/\/atesxd.com\/wp-content\/uploads\/2021\/09\/chris-montgomery-smgTvepind4-unsplash-300x225.jpg 300w, http:\/\/atesxd.com\/wp-content\/uploads\/2021\/09\/chris-montgomery-smgTvepind4-unsplash-768x576.jpg 768w, http:\/\/atesxd.com\/wp-content\/uploads\/2021\/09\/chris-montgomery-smgTvepind4-unsplash-1536x1152.jpg 1536w, http:\/\/atesxd.com\/wp-content\/uploads\/2021\/09\/chris-montgomery-smgTvepind4-unsplash-2048x1536.jpg 2048w, http:\/\/atesxd.com\/wp-content\/uploads\/2021\/09\/chris-montgomery-smgTvepind4-unsplash-16x12.jpg 16w, http:\/\/atesxd.com\/wp-content\/uploads\/2021\/09\/chris-montgomery-smgTvepind4-unsplash-1200x900.jpg 1200w, http:\/\/atesxd.com\/wp-content\/uploads\/2021\/09\/chris-montgomery-smgTvepind4-unsplash-1980x1485.jpg 1980w\" sizes=\"auto, (max-width: 1024px) 100vw, 1024px\" \/><figcaption>Photo by <a href=\"https:\/\/unsplash.com\/@cwmonty?utm_source=unsplash&amp;utm_medium=referral&amp;utm_content=creditCopyText\">Chris Montgomery<\/a> on <a href=\"https:\/\/unsplash.com\/s\/photos\/online-training?utm_source=unsplash&amp;utm_medium=referral&amp;utm_content=creditCopyText\">Unsplash<\/a><\/figcaption><\/figure>\n\n\n\n<p><strong>Kullan\u0131c\u0131 Deneyimi Tasar\u0131m\u0131 (UX-D)<\/strong><\/p>\n\n\n\n<figure class=\"wp-block-image size-full is-resized\"><a href=\"\/en\/www.atesxd.com\/iletisim\/?contact-reason=Kullan\u0131c\u0131 Deneyimi Tasar\u0131m\u0131 e\u011fitimi hakk\u0131nda bilgi almak istiyorum.\"><img loading=\"lazy\" decoding=\"async\" src=\"http:\/\/atesxd.com\/wp-content\/uploads\/2021\/09\/image-3.png\" alt=\"\" class=\"wp-image-527\" width=\"267\" height=\"34\" srcset=\"http:\/\/atesxd.com\/wp-content\/uploads\/2021\/09\/image-3.png 267w, http:\/\/atesxd.com\/wp-content\/uploads\/2021\/09\/image-3-18x2.png 18w\" sizes=\"auto, (max-width: 267px) 100vw, 267px\" \/><\/a><figcaption><a href=\"http:\/\/atesxd.com\/en\/iletisim\/?contact-reason=Kullan\u0131c\u0131 Deneyimi Tasar\u0131m\u0131 e\u011fitimi hakk\u0131nda bilgi almak istiyorum.\"><strong>B\u0130LG\u0130 AL \/ KAYIT OL<\/strong><\/a><\/figcaption><\/figure>\n\n\n\n<p class=\" translation-block\">Daha \u00e7ok ve daha mutlu m\u00fc\u015fterileriniz olsun istiyorsan\u0131z <strong>kullan\u0131c\u0131 deneyimi <\/strong>d\u00fcnyas\u0131na hemen ad\u0131m atmal\u0131s\u0131n\u0131z. Bu e\u011fitimde kullan\u0131c\u0131lar\u0131n\u0131z\u0131n \/ m\u00fc\u015fterilerinizin <strong>hislerini y\u00f6netmenin<\/strong> yollar\u0131n\u0131 g\u00f6receksiniz. Dijital \u00fcr\u00fcnlerinizin ak\u0131c\u0131 kullan\u0131lmas\u0131n\u0131 sa\u011flayacak <em>i\u00e7erik, tasar\u0131m <\/em>ve <em>ak\u0131\u015f <\/em>ipu\u00e7lar\u0131n\u0131 \u00f6\u011freneceksiniz.<\/p>\n\n\n\n<p class=\"has-secondary-color has-text-color\"><strong>Bu e\u011fitim kimlere uygun?<\/strong><\/p>\n\n\n\n<ul class=\"has-secondary-color has-text-color has-small-font-size wp-block-list\"><li>Web sitesi \/ Mobil uygulama tasar\u0131m\u0131 yapan ki\u015filer<\/li><li>UX Tasar\u0131mc\u0131lar\u0131 \/ UX Tasar\u0131mc\u0131s\u0131 olmak isteyenler<\/li><li>Yaz\u0131l\u0131m geli\u015ftiriciler<\/li><li>Kendi i\u015fini kuracaklar \/ kuranlar<\/li><li>\u00dcr\u00fcn y\u00f6neticileri<\/li><\/ul>","protected":false},"excerpt":{"rendered":"<p>UX Odakl\u0131 Geli\u015ftirme Dan\u0131\u015fmanl\u0131\u011f\u0131 Bu sayfay\u0131 okudu\u011funuza g\u00f6re dijital \u00fcr\u00fcn\u00fcn\u00fczde bir s\u0131k\u0131nt\u0131 hissetmi\u015f olmal\u0131s\u0131n\u0131z. Ya da baz\u0131 hedefleriniz var ve gecikmeden ula\u015fmak istiyorsunuz. A\u015fa\u011f\u0131daki ak\u0131\u015f size verimli g\u00f6r\u00fcn\u00fcyorsa birlikte \u00e7ok \u015fey yapabilece\u011fimizden eminiz. Bir mesaj atman\u0131z yeterli. Neye ihtiyac\u0131n\u0131z oldu\u011funa birlikte karar verelim. E\u011fitim Kullan\u0131c\u0131 Deneyimi Tasar\u0131m\u0131 (UX-D) Daha \u00e7ok ve daha mutlu m\u00fc\u015fterileriniz olsun [&hellip;]<\/p>","protected":false},"author":1,"featured_media":0,"parent":0,"menu_order":0,"comment_status":"closed","ping_status":"closed","template":"","meta":{"footnotes":""},"class_list":["post-418","page","type-page","status-publish","hentry"],"aioseo_notices":[],"_links":{"self":[{"href":"http:\/\/atesxd.com\/en\/wp-json\/wp\/v2\/pages\/418","targetHints":{"allow":["GET"]}}],"collection":[{"href":"http:\/\/atesxd.com\/en\/wp-json\/wp\/v2\/pages"}],"about":[{"href":"http:\/\/atesxd.com\/en\/wp-json\/wp\/v2\/types\/page"}],"author":[{"embeddable":true,"href":"http:\/\/atesxd.com\/en\/wp-json\/wp\/v2\/users\/1"}],"replies":[{"embeddable":true,"href":"http:\/\/atesxd.com\/en\/wp-json\/wp\/v2\/comments?post=418"}],"version-history":[{"count":22,"href":"http:\/\/atesxd.com\/en\/wp-json\/wp\/v2\/pages\/418\/revisions"}],"predecessor-version":[{"id":552,"href":"http:\/\/atesxd.com\/en\/wp-json\/wp\/v2\/pages\/418\/revisions\/552"}],"wp:attachment":[{"href":"http:\/\/atesxd.com\/en\/wp-json\/wp\/v2\/media?parent=418"}],"curies":[{"name":"wp","href":"https:\/\/api.w.org\/{rel}","templated":true}]}}