{"id":236,"date":"2021-04-17T21:20:28","date_gmt":"2021-04-17T18:20:28","guid":{"rendered":"http:\/\/atesxd.com\/?page_id=236"},"modified":"2021-04-25T12:52:33","modified_gmt":"2021-04-25T09:52:33","slug":"etik","status":"publish","type":"page","link":"http:\/\/atesxd.com\/en\/etik","title":{"rendered":"Etik"},"content":{"rendered":"<p>Hi\u00e7 bitmeyen ve bitmeyecek olan bir tart\u0131\u015fma. \u0130nsanlar\u0131 ikna etmek i\u00e7in yap\u0131lan \u015feyler etik midir?<\/p>\n\n\n\n<p>Pazarlama \u00e7al\u0131\u015fmalar\u0131 etik midir? Bikinili kad\u0131n foto\u011fraf\u0131 kullanmak etik midir? Kurulan etkileyici c\u00fcmleler etik midir? Hedef kitlenizin sevdi\u011fi rengin kullan\u0131ld\u0131\u011f\u0131 web sitesi tasar\u0131m\u0131 etik midir? \u0130htiyac\u0131 olmayan birine l\u00fcks \u015feyler satmak etik midir?<\/p>\n\n\n\n<p>Hi\u00e7 bitmeyen bunun gibi tart\u0131\u015fmalar\u0131n genelde iki cevab\u0131 olur.<\/p>\n\n\n\n<p class=\" translation-block\"><strong>Evet <\/strong>ve <strong>hay\u0131r<\/strong>.<\/p>\n\n\n\n<figure class=\"wp-block-image alignfull size-large\"><img loading=\"lazy\" decoding=\"async\" width=\"1024\" height=\"684\" src=\"http:\/\/atesxd.com\/wp-content\/uploads\/2021\/04\/m-SPbcqTVoYqE-unsplash-1024x684.jpg\" alt=\"\" class=\"wp-image-263\" srcset=\"http:\/\/atesxd.com\/wp-content\/uploads\/2021\/04\/m-SPbcqTVoYqE-unsplash-1024x684.jpg 1024w, http:\/\/atesxd.com\/wp-content\/uploads\/2021\/04\/m-SPbcqTVoYqE-unsplash-300x200.jpg 300w, http:\/\/atesxd.com\/wp-content\/uploads\/2021\/04\/m-SPbcqTVoYqE-unsplash-768x513.jpg 768w, http:\/\/atesxd.com\/wp-content\/uploads\/2021\/04\/m-SPbcqTVoYqE-unsplash-1536x1025.jpg 1536w, http:\/\/atesxd.com\/wp-content\/uploads\/2021\/04\/m-SPbcqTVoYqE-unsplash-2048x1367.jpg 2048w, http:\/\/atesxd.com\/wp-content\/uploads\/2021\/04\/m-SPbcqTVoYqE-unsplash-1200x801.jpg 1200w, http:\/\/atesxd.com\/wp-content\/uploads\/2021\/04\/m-SPbcqTVoYqE-unsplash-1980x1322.jpg 1980w\" sizes=\"auto, (max-width: 1024px) 100vw, 1024px\" \/><figcaption><a href=\"https:\/\/unsplash.com\/@lamerbrain?utm_source=unsplash&amp;utm_medium=referral&amp;utm_content=creditCopyText\">M<\/a>&nbsp;&#8211; <a href=\"https:\/\/unsplash.com\/?utm_source=unsplash&amp;utm_medium=referral&amp;utm_content=creditCopyText\">Unsplash<\/a><\/figcaption><\/figure>\n\n\n\n<p>\u015eu a\u00e7\u0131dan bakarak konu\u015fal\u0131m. Sizin hayat ak\u0131\u015f\u0131n\u0131z\u0131n herhangi bir d\u00f6neminde size isteyip istemedi\u011finizi bilmedi\u011finiz, ihtiyac\u0131n\u0131z olup olmad\u0131\u011f\u0131 belirsiz bir \u015fey yapt\u0131rmaya \u00e7al\u0131\u015f\u0131yorum. Ve bunun i\u00e7in muhtelif ara\u00e7lar kullan\u0131yorum. Yani odakta siz yoksunuz, benim kendime fayda yaratmam var. Hi\u00e7 de etik g\u00f6r\u00fcnm\u00fcyor \u00f6yle de\u011fil mi?<\/p>\n\n\n\n<p>\u015eimdi de \u015fu a\u00e7\u0131dan bakal\u0131m. Sizin hayat ak\u0131\u015f\u0131n\u0131z\u0131n herhangi bir d\u00f6neminde size tam olarak sizin ihtiya\u00e7lar\u0131n\u0131za uygun, sevebilece\u011finiz, fayda yarataca\u011f\u0131 neredeyse kesin olan bir \u015feyler sunuyorum. Ve yine bunun i\u00e7in ayn\u0131 ara\u00e7lar\u0131 kullan\u0131yorum. Bu sefer de size fayda yaratt\u0131\u011f\u0131m \u00e7ok a\u00e7\u0131k. Sonunda eve ekmek g\u00f6t\u00fcrebildi\u011fim i\u00e7in elbette ki kendime de fayda sa\u011flad\u0131m. Ama durum olduk\u00e7a etik g\u00f6r\u00fcn\u00fcyor.<\/p>\n\n\n\n<p>\u0130\u015fte asl\u0131nda \u00e7ok karma\u015f\u0131k g\u00f6r\u00fcnen bir konuyu olduk\u00e7a basit bir \u015fekilde dile getirdik. \u00c7\u00fcnk\u00fc ayn\u0131 ara\u00e7lar\u0131 kulland\u0131m. Sadece amac\u0131m farkl\u0131yd\u0131. Yani vurucu bir \u015fekilde \u00f6zetleyelim;<\/p>\n\n\n\n<figure class=\"wp-block-pullquote\"><blockquote><p class=\" translation-block\">E\u011fer <strong>k\u00f6t\u00fc ama\u00e7la<\/strong> kullan\u0131rsan\u0131z hi\u00e7bir \u015fey etik de\u011fildir.<\/p><\/blockquote><\/figure>\n\n\n\n<p>Bir sopayla, denize d\u00fc\u015fen birini kurtarabilirsiniz. Ayn\u0131 sopayla sadece sevmedi\u011finiz i\u00e7in birini yaralayabilirsiniz de. Su\u00e7 sopada de\u011fil, sizin amac\u0131n\u0131zdad\u0131r.<\/p>\n\n\n\n<p class=\" translation-block\"><strong>Kullan\u0131c\u0131 Deneyimi<\/strong>, <strong>Pazarlama<\/strong>, <strong>N\u00f6ro Pazarlama<\/strong> gibi sosyal bilim konular\u0131 (ara\u00e7lar\u0131) kesinlikle insanlardan faydalanmak i\u00e7in yarat\u0131lmad\u0131lar. \u0130nsanlar\u0131 <strong>anlamak <\/strong>i\u00e7in yarat\u0131ld\u0131lar. \u00c7\u00fcnk\u00fc insanlar\u0131 ne kadar iyi anlayabilirseniz o kadar \u00f6zelle\u015ftirilmi\u015f hizmetler \u00fcretebilirsiniz. \u0130nsanlar da kendilerini \u00f6zel hissetmeyi isterler. B\u00f6ylece daha mutlu olmalar\u0131n\u0131 sa\u011flayabilirsiniz. Sizi tercih etmeleri i\u00e7in bir sebep veriyor olman\u0131z sizin k\u00f6t\u00fc niyetli oldu\u011funuzu g\u00f6stermez.<\/p>\n\n\n\n<p>Bu gibi y\u00f6ntemleri kullanman\u0131z, g\u00fcn\u00fcm\u00fcz\u00fcn \u00e7\u0131lg\u0131n i\u015f d\u00fcnyas\u0131nda, herkesin her \u015feyi sundu\u011fu kaotik ortamda m\u00fc\u015fterilerini \u00f6nemseyen \u015firketlerin hangileri oldu\u011funun anla\u015f\u0131lmas\u0131 i\u00e7in de bir yoldur ayn\u0131 zamanda.<\/p>\n\n\n\n<p class=\" translation-block\">Ben masan\u0131n her iki taraf\u0131nda da uzun s\u00fcre oturdum. Yani hem ikna etmeye \u00e7al\u0131\u015fan hem de ikna edilmeye \u00e7al\u0131\u015f\u0131lan ki\u015fi konumunda oldum. G\u00fcvenin bana, bana <em>evet<\/em> dedirten hemen herkes bunu zaten hak eden ki\u015filerdi. Sizin yapman\u0131z gereken de i\u015fte bu. \u0130kna etmenin bilimsel yollar\u0131n\u0131 kullan\u0131n ama ikna etmeye hakk\u0131n\u0131z olacak kadar da iyi olun. \u00dcr\u00fcnleriniz ve hizmetleriniz alaca\u011f\u0131n\u0131z olumlu tepkiyi hak etsin. \u0130\u015fte bu ak\u0131\u015fa <strong>etik <\/strong>diyebiliriz. Aksi durumda <strong>s\u00fcrd\u00fcr\u00fclebilir <\/strong>bir i\u015finiz olmad\u0131\u011f\u0131ndan da emin olun.<\/p>\n\n\n\n<pre class=\"wp-block-preformatted\">Hak edin. O zaman rahat uyursunuz.<\/pre>\n\n\n\n<p>Sonu\u00e7ta hi\u00e7bir zaman kar\u015f\u0131n\u0131zda para basma makineleri olmayacak. Tan\u0131\u015ft\u0131\u011f\u0131n\u0131z ya da tan\u0131\u015fmad\u0131\u011f\u0131n\u0131z, belki de hi\u00e7 tan\u0131\u015fmayaca\u011f\u0131n\u0131z arkada\u015flar\u0131n\u0131z, dostlar\u0131n\u0131z olacak. Onlara bunu hissettirin. Gerisi kendili\u011finden gelir.<\/p>\n\n\n\n<p><\/p>","protected":false},"excerpt":{"rendered":"<p>Hi\u00e7 bitmeyen ve bitmeyecek olan bir tart\u0131\u015fma. \u0130nsanlar\u0131 ikna etmek i\u00e7in yap\u0131lan \u015feyler etik midir? Pazarlama \u00e7al\u0131\u015fmalar\u0131 etik midir? Bikinili kad\u0131n foto\u011fraf\u0131 kullanmak etik midir? Kurulan etkileyici c\u00fcmleler etik midir? Hedef kitlenizin sevdi\u011fi rengin kullan\u0131ld\u0131\u011f\u0131 web sitesi tasar\u0131m\u0131 etik midir? \u0130htiyac\u0131 olmayan birine l\u00fcks \u015feyler satmak etik midir? Hi\u00e7 bitmeyen bunun gibi tart\u0131\u015fmalar\u0131n genelde iki [&hellip;]<\/p>","protected":false},"author":1,"featured_media":263,"parent":0,"menu_order":0,"comment_status":"closed","ping_status":"closed","template":"","meta":{"footnotes":""},"class_list":["post-236","page","type-page","status-publish","has-post-thumbnail","hentry"],"aioseo_notices":[],"_links":{"self":[{"href":"http:\/\/atesxd.com\/en\/wp-json\/wp\/v2\/pages\/236","targetHints":{"allow":["GET"]}}],"collection":[{"href":"http:\/\/atesxd.com\/en\/wp-json\/wp\/v2\/pages"}],"about":[{"href":"http:\/\/atesxd.com\/en\/wp-json\/wp\/v2\/types\/page"}],"author":[{"embeddable":true,"href":"http:\/\/atesxd.com\/en\/wp-json\/wp\/v2\/users\/1"}],"replies":[{"embeddable":true,"href":"http:\/\/atesxd.com\/en\/wp-json\/wp\/v2\/comments?post=236"}],"version-history":[{"count":12,"href":"http:\/\/atesxd.com\/en\/wp-json\/wp\/v2\/pages\/236\/revisions"}],"predecessor-version":[{"id":367,"href":"http:\/\/atesxd.com\/en\/wp-json\/wp\/v2\/pages\/236\/revisions\/367"}],"wp:featuredmedia":[{"embeddable":true,"href":"http:\/\/atesxd.com\/en\/wp-json\/wp\/v2\/media\/263"}],"wp:attachment":[{"href":"http:\/\/atesxd.com\/en\/wp-json\/wp\/v2\/media?parent=236"}],"curies":[{"name":"wp","href":"https:\/\/api.w.org\/{rel}","templated":true}]}}