{"id":22,"date":"2021-03-29T15:59:07","date_gmt":"2021-03-29T15:59:07","guid":{"rendered":"http:\/\/atesxd.com\/?page_id=22"},"modified":"2022-01-10T22:18:49","modified_gmt":"2022-01-10T19:18:49","slug":"o-dugmeye-neden-basti","status":"publish","type":"page","link":"http:\/\/atesxd.com\/en\/","title":{"rendered":"Experience Design"},"content":{"rendered":"<p class=\"has-larger-font-size\"><strong><strong>What if you had more customers? And what if they were all happier customers?<\/strong><\/strong> <strong>On top of that, what if your costs were reduced?<\/strong><\/p>\n\n\n\n<p>Visualize yourself earning more without using any agency and without getting tired.<a href=\"https:\/\/unsplash.com\/@brookecagle\"><\/a><\/p>\n\n\n\n<div class=\"wp-block-image\"><figure class=\"aligncenter size-large\"><a href=\"https:\/\/unsplash.com\/@brookecagle\" target=\"_blank\" rel=\"noopener\"><img loading=\"lazy\" decoding=\"async\" width=\"1024\" height=\"683\" src=\"http:\/\/atesxd.com\/wp-content\/uploads\/2021\/04\/brooke-cagle-WHWYBmtn3_0-unsplash-1024x683.jpg\" alt=\"\" class=\"wp-image-165\" srcset=\"http:\/\/atesxd.com\/wp-content\/uploads\/2021\/04\/brooke-cagle-WHWYBmtn3_0-unsplash-1024x683.jpg 1024w, http:\/\/atesxd.com\/wp-content\/uploads\/2021\/04\/brooke-cagle-WHWYBmtn3_0-unsplash-300x200.jpg 300w, http:\/\/atesxd.com\/wp-content\/uploads\/2021\/04\/brooke-cagle-WHWYBmtn3_0-unsplash-768x512.jpg 768w, http:\/\/atesxd.com\/wp-content\/uploads\/2021\/04\/brooke-cagle-WHWYBmtn3_0-unsplash-1536x1024.jpg 1536w, http:\/\/atesxd.com\/wp-content\/uploads\/2021\/04\/brooke-cagle-WHWYBmtn3_0-unsplash-2048x1365.jpg 2048w, http:\/\/atesxd.com\/wp-content\/uploads\/2021\/04\/brooke-cagle-WHWYBmtn3_0-unsplash-1200x800.jpg 1200w, http:\/\/atesxd.com\/wp-content\/uploads\/2021\/04\/brooke-cagle-WHWYBmtn3_0-unsplash-1980x1320.jpg 1980w\" sizes=\"auto, (max-width: 1024px) 100vw, 1024px\" \/><\/a><figcaption><a href=\"https:\/\/unsplash.com\/@brookecagle\" target=\"_blank\" rel=\"noreferrer noopener\">Brooke Cagle<\/a> &#8211; <a href=\"https:\/\/unsplash.com\" target=\"_blank\" rel=\"noreferrer noopener\">Unsplash<\/a><\/figcaption><\/figure><\/div>\n\n\n\n<p>People have an&nbsp;<strong>experience<\/strong>&nbsp;when using a website, a mobile app or any device.<\/p>\n\n\n\n<p>Whatever they feel, positive or negative, determines what they will do next. Will they&nbsp;<strong>buy?<\/strong>&nbsp;Will they&nbsp;<strong>become members?<\/strong>&nbsp;Will they&nbsp;<strong>follow?<\/strong>&nbsp;Will they&nbsp;<strong>share?<\/strong>&nbsp;So in other words;<\/p>\n\n\n\n<p><strong>Will they press THE BUTTON?<\/strong><\/p>\n\n\n\n<p>It is possible to&nbsp;<strong>understand<\/strong>&nbsp;and even&nbsp;<strong>design<\/strong>&nbsp;and&nbsp;<strong>manage<\/strong>&nbsp;this experience.<\/p>\n\n\n\n<p>That&#8217;s what we&#8217;re going to do together. We will design your customers&#8217; experiences.<a href=\"http:\/\/atesxd.com\/en\/?trp-edit-translation=preview#anchorxd\"><\/a><\/p>\n\n\n\n<div class=\"wp-block-image\"><figure class=\"aligncenter size-large\"><a href=\"#anchorxd\"><img decoding=\"async\" src=\"http:\/\/atesxd.com\/wp-content\/uploads\/2021\/08\/O-Dugme-en.png\" alt=\"Kullan\u0131c\u0131 deneyimi, g\u00fcven veren, arad\u0131\u011f\u0131n\u0131 bulduran, iyi hissettien, sosyalle\u015ftiren, itibar sa\u011flayan, \u00f6\u011freten o d\u00fc\u011fme.\"\/><\/a><\/figure><\/div>\n\n\n\n<figure class=\"wp-block-pullquote\"><blockquote><p>Can you get someone to do what you want, especially in the digital environment? Let&#8217;s see together.<\/p><\/blockquote><\/figure>","protected":false},"excerpt":{"rendered":"<p>What if you had more customers? And what if they were all happier customers? On top of that, what if your costs were reduced? Visualize yourself earning more without using any agency and without getting tired. People have an&nbsp;experience&nbsp;when using a website, a mobile app or any device. Whatever they feel, positive or negative, determines [&hellip;]<\/p>","protected":false},"author":1,"featured_media":165,"parent":0,"menu_order":0,"comment_status":"closed","ping_status":"closed","template":"","meta":{"footnotes":""},"class_list":["post-22","page","type-page","status-publish","has-post-thumbnail","hentry"],"aioseo_notices":[],"_links":{"self":[{"href":"http:\/\/atesxd.com\/en\/wp-json\/wp\/v2\/pages\/22","targetHints":{"allow":["GET"]}}],"collection":[{"href":"http:\/\/atesxd.com\/en\/wp-json\/wp\/v2\/pages"}],"about":[{"href":"http:\/\/atesxd.com\/en\/wp-json\/wp\/v2\/types\/page"}],"author":[{"embeddable":true,"href":"http:\/\/atesxd.com\/en\/wp-json\/wp\/v2\/users\/1"}],"replies":[{"embeddable":true,"href":"http:\/\/atesxd.com\/en\/wp-json\/wp\/v2\/comments?post=22"}],"version-history":[{"count":50,"href":"http:\/\/atesxd.com\/en\/wp-json\/wp\/v2\/pages\/22\/revisions"}],"predecessor-version":[{"id":733,"href":"http:\/\/atesxd.com\/en\/wp-json\/wp\/v2\/pages\/22\/revisions\/733"}],"wp:featuredmedia":[{"embeddable":true,"href":"http:\/\/atesxd.com\/en\/wp-json\/wp\/v2\/media\/165"}],"wp:attachment":[{"href":"http:\/\/atesxd.com\/en\/wp-json\/wp\/v2\/media?parent=22"}],"curies":[{"name":"wp","href":"https:\/\/api.w.org\/{rel}","templated":true}]}}