{"id":179,"date":"2021-04-10T14:06:32","date_gmt":"2021-04-10T11:06:32","guid":{"rendered":"http:\/\/atesxd.com\/?page_id=179"},"modified":"2021-09-02T09:27:53","modified_gmt":"2021-09-02T06:27:53","slug":"iletisim","status":"publish","type":"page","link":"http:\/\/atesxd.com\/en\/iletisim","title":{"rendered":"\u0130leti\u015fim"},"content":{"rendered":"<p class=\" translation-block\">A\u015fa\u011f\u0131daki sosyal medya linklerini kullanarak ya da formu doldurarak bize ula\u015fabilirsiniz. Dan\u0131\u015fmanl\u0131k ya da e\u011fitim ihtiyac\u0131n\u0131zla ilgili akl\u0131n\u0131za gelen her detay\u0131 yazmaya \u00f6zen g\u00f6sterin l\u00fctfen. <strong>Not:<\/strong> \u00d6\u011frenciler \u00e7ekinmeden sorular\u0131n\u0131 iletebilirler.<\/p>","protected":false},"excerpt":{"rendered":"<p class=\" translation-block\">A\u015fa\u011f\u0131daki sosyal medya linklerini kullanarak ya da formu doldurarak bize ula\u015fabilirsiniz. Dan\u0131\u015fmanl\u0131k ya da e\u011fitim ihtiyac\u0131n\u0131zla ilgili akl\u0131n\u0131za gelen her detay\u0131 yazmaya \u00f6zen g\u00f6sterin l\u00fctfen. <strong>Not:<\/strong> \u00d6\u011frenciler \u00e7ekinmeden sorular\u0131n\u0131 iletebilirler.<\/p>","protected":false},"author":1,"featured_media":0,"parent":0,"menu_order":0,"comment_status":"closed","ping_status":"closed","template":"","meta":{"footnotes":""},"class_list":["post-179","page","type-page","status-publish","hentry"],"aioseo_notices":[],"_links":{"self":[{"href":"http:\/\/atesxd.com\/en\/wp-json\/wp\/v2\/pages\/179","targetHints":{"allow":["GET"]}}],"collection":[{"href":"http:\/\/atesxd.com\/en\/wp-json\/wp\/v2\/pages"}],"about":[{"href":"http:\/\/atesxd.com\/en\/wp-json\/wp\/v2\/types\/page"}],"author":[{"embeddable":true,"href":"http:\/\/atesxd.com\/en\/wp-json\/wp\/v2\/users\/1"}],"replies":[{"embeddable":true,"href":"http:\/\/atesxd.com\/en\/wp-json\/wp\/v2\/comments?post=179"}],"version-history":[{"count":5,"href":"http:\/\/atesxd.com\/en\/wp-json\/wp\/v2\/pages\/179\/revisions"}],"predecessor-version":[{"id":550,"href":"http:\/\/atesxd.com\/en\/wp-json\/wp\/v2\/pages\/179\/revisions\/550"}],"wp:attachment":[{"href":"http:\/\/atesxd.com\/en\/wp-json\/wp\/v2\/media?parent=179"}],"curies":[{"name":"wp","href":"https:\/\/api.w.org\/{rel}","templated":true}]}}